{"id":9886,"date":"2025-11-21T10:03:10","date_gmt":"2025-11-21T09:03:10","guid":{"rendered":"http:\/\/www.tv-rodenbach.de\/?page_id=9886"},"modified":"2025-11-21T10:03:10","modified_gmt":"2025-11-21T09:03:10","slug":"5-tibeter","status":"publish","type":"page","link":"http:\/\/www.tv-rodenbach.de\/?page_id=9886","title":{"rendered":"5 Tibeter"},"content":{"rendered":"<h4>\u00dcbungsleiter&nbsp;<\/h4>\n<p>Bernhard Metzger<\/p>\n<h4>Die aktuellen Trainingszeiten findet ihr in unserem Sportplan<\/h4>\n<p>&nbsp;<\/p>\n<p>Ziel ist die Erhaltung bzw. F\u00f6rderung der Beweglichkeit, Vitalit\u00e4t und Gesundheit,<br \/>\nStressabbau, Gelassenheit.<\/p>\n<p>Ben\u00f6tigt werden: sportliche Kleidung, Gymnastik- oder Hallenschuhe, Gymnastik- oder<br \/>\nYogamatte, Trinkflasche<\/p>\n","protected":false},"excerpt":{"rendered":"<p>\u00dcbungsleiter&nbsp; Bernhard Metzger Die aktuellen Trainingszeiten findet ihr in unserem Sportplan &nbsp; Ziel ist die Erhaltung bzw. F\u00f6rderung der Beweglichkeit, Vitalit\u00e4t und Gesundheit, Stressabbau, Gelassenheit. Ben\u00f6tigt werden: sportliche Kleidung, Gymnastik- oder Hallenschuhe, Gymnastik- oder Yogamatte, Trinkflasche<\/p>\n","protected":false},"author":3,"featured_media":0,"parent":0,"menu_order":0,"comment_status":"closed","ping_status":"closed","template":"","meta":{"ngg_post_thumbnail":0,"footnotes":""},"class_list":["post-9886","page","type-page","status-publish","hentry"],"_links":{"self":[{"href":"http:\/\/www.tv-rodenbach.de\/index.php?rest_route=\/wp\/v2\/pages\/9886","targetHints":{"allow":["GET"]}}],"collection":[{"href":"http:\/\/www.tv-rodenbach.de\/index.php?rest_route=\/wp\/v2\/pages"}],"about":[{"href":"http:\/\/www.tv-rodenbach.de\/index.php?rest_route=\/wp\/v2\/types\/page"}],"author":[{"embeddable":true,"href":"http:\/\/www.tv-rodenbach.de\/index.php?rest_route=\/wp\/v2\/users\/3"}],"replies":[{"embeddable":true,"href":"http:\/\/www.tv-rodenbach.de\/index.php?rest_route=%2Fwp%2Fv2%2Fcomments&post=9886"}],"version-history":[{"count":6,"href":"http:\/\/www.tv-rodenbach.de\/index.php?rest_route=\/wp\/v2\/pages\/9886\/revisions"}],"predecessor-version":[{"id":9893,"href":"http:\/\/www.tv-rodenbach.de\/index.php?rest_route=\/wp\/v2\/pages\/9886\/revisions\/9893"}],"wp:attachment":[{"href":"http:\/\/www.tv-rodenbach.de\/index.php?rest_route=%2Fwp%2Fv2%2Fmedia&parent=9886"}],"curies":[{"name":"wp","href":"https:\/\/api.w.org\/{rel}","templated":true}]}}