{"id":91,"date":"2016-05-04T13:48:41","date_gmt":"2016-05-04T11:48:41","guid":{"rendered":"http:\/\/www.tv-rodenbach.de\/?page_id=91"},"modified":"2024-05-30T10:51:08","modified_gmt":"2024-05-30T08:51:08","slug":"frauen-gymnastik","status":"publish","type":"page","link":"http:\/\/www.tv-rodenbach.de\/?page_id=91","title":{"rendered":"Frauen Gymnastik"},"content":{"rendered":"<h4>\u00dcbungsleiterin<\/h4>\n<p>Gertrud Brunn (06374 &#8211; 1634)<\/p>\n<h4>Abteilungsleiter<\/h4>\n<p>Karl Heinz Brunn (0171 5566886, karl-heinz.brunn@gmx.de)<\/p>\n<h4>Die aktuellen Trainingszeiten findet ihr in unserem Sportplan<\/h4>\n<p>f\u00fcr Frauen ab 40 Jahre<\/p>\n<hr>\n<p><b>90 Minuten f\u00fcr ihre Gesundheit im Sinne der Ganzheitlichkeit<\/b>,<br \/>\nd.h. eine ausgewogene Mischung aus k\u00f6rperlichen, geistigen und sozialen Aspekten, bei der keinesfalls die Kommunikation, die Geselligkeit und der Spass zu kurz kommen.<br \/>\nDie Stunde beginnt mit leichten Bewegungs\u00fcbungen, meist aus dem Quigong. Der Hauptteil widmet sich der Ausdauer, d.h. laufen, walken, spielen usw. mit dem Ziel, dass der Teilnehmer am Ende des Progamms etwa 20 min. am St\u00fcck ausdauernd bewegen kann.<\/p>\n<p>Es folgen \u00dcbungen f\u00fcr die Kraft. Kraft ist die Grundlage jeder muskul\u00e4rer Mobilit\u00e4t, aber auch f\u00fcr die K\u00f6rperhaltung von gro\u00dfer Bedeutung. Das Ziel ist, die zur Abschw\u00e4chung neigenden Muskelgruppen gezielt zu st\u00e4rken. Es folgen \u00dcbungen zur Dehnf\u00e4higkeit. Die zur &#8222;Verk\u00fcrzung&#8220; neigenden Muskelgruppen werden vorrangig gedehnt.<br \/>\nDie anschlie\u00dfenden Koordinations\u00fcbungen dienen \u00fcberwiegend dem Schwerpunkt Gleichgewicht. Manchmal finden sich all diese \u00dcbungen in einem funktionellen Zirkeltraining wieder. Auch werden zu diesem Zwecken leichte Handger\u00e4te oder andere Ger\u00e4te benutzt.<br \/>\nImmer endet die Stunde mit Entspannungs\u00fcbungen, z.B. \u00dcbungen zur K\u00f6rperwahrnehmung, Atem\u00fcbungen, Fantasiereisen, Massagen mit dem Igelball oder \u00c4hnliches, und f\u00fcr jeden Teilnehmer, mit dem festen Vorsatz beim n\u00e4chsten Mal wieder dabei zu sein.<br \/>\nFazit: Regelm\u00e4\u00dfiges Training wirkt altersbedingten Leistungseinbu\u00dfen von Herz, Kreislauf, Atmung und Stoffwechsel entgegen und tr\u00e4gt deshalb zu einer guten k\u00f6rperlichen Leistungsf\u00e4higkeit bis ins hohe Alter bei.<\/p>\n<p>Mit Ausdauertraining kann man 20 Jahre lang 40 Jahre jung bleiben.<\/p>\n","protected":false},"excerpt":{"rendered":"<p>\u00dcbungsleiterin Gertrud Brunn (06374 &#8211; 1634) Abteilungsleiter Karl Heinz Brunn (0171 5566886, karl-heinz.brunn@gmx.de) Die aktuellen Trainingszeiten findet ihr in unserem Sportplan f\u00fcr Frauen ab 40 Jahre 90 Minuten f\u00fcr ihre Gesundheit im Sinne der Ganzheitlichkeit, d.h. eine ausgewogene Mischung aus<span class=\"ellipsis\">&hellip;<\/span><\/p>\n<div class=\"read-more\"><a href=\"http:\/\/www.tv-rodenbach.de\/?page_id=91\">Weiterlesen <span class=\"screen-reader-text\">Frauen Gymnastik<\/span><span class=\"meta-nav\"> &#8250;<\/span><\/a><\/div>\n<p><!-- end of .read-more --><\/p>\n","protected":false},"author":1,"featured_media":0,"parent":0,"menu_order":0,"comment_status":"closed","ping_status":"closed","template":"","meta":{"ngg_post_thumbnail":0,"footnotes":""},"class_list":["post-91","page","type-page","status-publish","hentry"],"_links":{"self":[{"href":"http:\/\/www.tv-rodenbach.de\/index.php?rest_route=\/wp\/v2\/pages\/91","targetHints":{"allow":["GET"]}}],"collection":[{"href":"http:\/\/www.tv-rodenbach.de\/index.php?rest_route=\/wp\/v2\/pages"}],"about":[{"href":"http:\/\/www.tv-rodenbach.de\/index.php?rest_route=\/wp\/v2\/types\/page"}],"author":[{"embeddable":true,"href":"http:\/\/www.tv-rodenbach.de\/index.php?rest_route=\/wp\/v2\/users\/1"}],"replies":[{"embeddable":true,"href":"http:\/\/www.tv-rodenbach.de\/index.php?rest_route=%2Fwp%2Fv2%2Fcomments&post=91"}],"version-history":[{"count":13,"href":"http:\/\/www.tv-rodenbach.de\/index.php?rest_route=\/wp\/v2\/pages\/91\/revisions"}],"predecessor-version":[{"id":8926,"href":"http:\/\/www.tv-rodenbach.de\/index.php?rest_route=\/wp\/v2\/pages\/91\/revisions\/8926"}],"wp:attachment":[{"href":"http:\/\/www.tv-rodenbach.de\/index.php?rest_route=%2Fwp%2Fv2%2Fmedia&parent=91"}],"curies":[{"name":"wp","href":"https:\/\/api.w.org\/{rel}","templated":true}]}}