{"id":74,"date":"2016-05-04T13:25:18","date_gmt":"2016-05-04T11:25:18","guid":{"rendered":"http:\/\/www.tv-rodenbach.de\/?page_id=74"},"modified":"2026-03-15T10:34:49","modified_gmt":"2026-03-15T09:34:49","slug":"eltern-kind-turnen","status":"publish","type":"page","link":"http:\/\/www.tv-rodenbach.de\/?page_id=74","title":{"rendered":"Eltern-Kind Spa\u00df + Spiel"},"content":{"rendered":"<h4>\u00dcbungsleiterinnen Dienstags<\/h4>\n<p>Isabel Rehmet&nbsp;<\/p>\n<p>Vanessa Lutzi<\/p>\n<h4>\u00dcbungsleiterinnen Mittwochs<\/h4>\n<p>Helene Schwarzbach<\/p>\n<p>Theresa Lang<\/p>\n<h4>Die aktuellen Trainingszeiten findet ihr in unserem Sportplan<\/h4>\n<p>F\u00fcr Kinder ab 2 Jahren<\/p>\n<hr>\n<p>Habt ihr Lust auf Bewegung, Spiel und Spa\u00df? Wenn ja, dann seid ihr genau richtig im Eltern-Kind Spa\u00df und Spiel. M\u00fctter und V\u00e4ter mit Kindern im Vorschulalter treffen sich hier, um gemeinsam mit anderen zu spielen und zu turnen.<\/p>\n<p>F\u00fcr Kinder ist es besonders wichtig, fr\u00fch erste Bewegungserfahrungen zu sammeln, denn sobald Kinder laufen k\u00f6nnen, werden schon die Grundlagen f\u00fcr das sp\u00e4tere Bewegungsverhalten gelegt. Daher m\u00f6chten wir bei Eltern-Kind Spa\u00df + Spiel, spielerisch die Freude an der Bewegung wecken.<\/p>\n<p>Das Turnen und Toben in Bewegungslandschaften aus Turnger\u00e4ten f\u00f6rdert die Motorik, den Gleichgewichtssinn und den Spa\u00df am Klettern. Und beim gemeinsamen Spielen werden nicht zuletzt auch soziale F\u00e4higkeiten trainiert. Vor allem jedoch soll die gemeinsame Turnstunde den Kleinen wie auch den Gro\u00dfen Spa\u00df machen.<\/p>\n<p>Nichts desto trotz ist es auch wichtig soziale Kompetenz zu erlernen. Dazu geh\u00f6ren auch gewissen \u201eSpielregeln\u201c und ein geregelter Ablauf. Dabei tragen die Eltern die Verantwortung f\u00fcr ihr Kind. Nach einem Aufw\u00e4rmspiel gehen wir an die \u201eGer\u00e4te\u201c um zu balancieren, klettern, rutschen, schaukeln und vieles mehr.<br \/>\nIn der Halbzeit \u00fcben wir z. B. den Staffellauf oder die Kinder k\u00f6nnen Ballspielen, h\u00fcpfen, werfen und turnen.<\/p>\n<p>Zum Abschluss gibt es noch ein Abschlusslied, bei dem alle viel Spa\u00df haben.&nbsp; Mitzubringen sind nur bequeme Sportkleidung, Hallenschuhe (oder rutschfeste Socken) und gute Laune.<\/p>\n<p><strong>Wir freuen uns auf euch!<\/strong><\/p>\n","protected":false},"excerpt":{"rendered":"<p>\u00dcbungsleiterinnen Dienstags Isabel Rehmet&nbsp; Vanessa Lutzi \u00dcbungsleiterinnen Mittwochs Helene Schwarzbach Theresa Lang Die aktuellen Trainingszeiten findet ihr in unserem Sportplan F\u00fcr Kinder ab 2 Jahren Habt ihr Lust auf Bewegung, Spiel und Spa\u00df? Wenn ja, dann seid ihr genau richtig<span class=\"ellipsis\">&hellip;<\/span><\/p>\n<div class=\"read-more\"><a href=\"http:\/\/www.tv-rodenbach.de\/?page_id=74\">Weiterlesen <span class=\"screen-reader-text\">Eltern-Kind Spa\u00df + Spiel<\/span><span class=\"meta-nav\"> &#8250;<\/span><\/a><\/div>\n<p><!-- end of .read-more --><\/p>\n","protected":false},"author":1,"featured_media":0,"parent":0,"menu_order":0,"comment_status":"closed","ping_status":"closed","template":"","meta":{"ngg_post_thumbnail":0,"footnotes":""},"class_list":["post-74","page","type-page","status-publish","hentry"],"_links":{"self":[{"href":"http:\/\/www.tv-rodenbach.de\/index.php?rest_route=\/wp\/v2\/pages\/74","targetHints":{"allow":["GET"]}}],"collection":[{"href":"http:\/\/www.tv-rodenbach.de\/index.php?rest_route=\/wp\/v2\/pages"}],"about":[{"href":"http:\/\/www.tv-rodenbach.de\/index.php?rest_route=\/wp\/v2\/types\/page"}],"author":[{"embeddable":true,"href":"http:\/\/www.tv-rodenbach.de\/index.php?rest_route=\/wp\/v2\/users\/1"}],"replies":[{"embeddable":true,"href":"http:\/\/www.tv-rodenbach.de\/index.php?rest_route=%2Fwp%2Fv2%2Fcomments&post=74"}],"version-history":[{"count":47,"href":"http:\/\/www.tv-rodenbach.de\/index.php?rest_route=\/wp\/v2\/pages\/74\/revisions"}],"predecessor-version":[{"id":9961,"href":"http:\/\/www.tv-rodenbach.de\/index.php?rest_route=\/wp\/v2\/pages\/74\/revisions\/9961"}],"wp:attachment":[{"href":"http:\/\/www.tv-rodenbach.de\/index.php?rest_route=%2Fwp%2Fv2%2Fmedia&parent=74"}],"curies":[{"name":"wp","href":"https:\/\/api.w.org\/{rel}","templated":true}]}}