{"id":6685,"date":"2022-02-26T11:33:11","date_gmt":"2022-02-26T10:33:11","guid":{"rendered":"http:\/\/www.tv-rodenbach.de\/?page_id=6685"},"modified":"2025-04-16T19:59:15","modified_gmt":"2025-04-16T17:59:15","slug":"beitragsordnung","status":"publish","type":"page","link":"http:\/\/www.tv-rodenbach.de\/?page_id=6685","title":{"rendered":"Beitragsordnung"},"content":{"rendered":"<table width=\"658\">\n<tbody>\n<tr>\n<td><a href=\"http:\/\/www.tv-rodenbach.de\/wp-content\/uploads\/2025\/04\/2025_03_18_Beitragsordnung-TVR.pdf\" target=\"_blank\" rel=\"noopener\"><strong>Download der Beitragsordnung<\/strong><\/a><\/td>\n<\/tr>\n<tr>\n<td width=\"658\"><strong>\u00a7 1: Grundlage<\/strong><\/p>\n<p><strong>&nbsp;<\/strong>Grundlage f\u00fcr die Regelungen in dieser Beitragsordnung ist der \u00a7 7 der Satzung des TV 1965 e.V. Rodenbach in der Fassung vom 17.09.2021.<\/td>\n<\/tr>\n<tr>\n<td width=\"658\"><strong>\u00a7 2: Solidarit\u00e4tsprinzip<\/strong><\/p>\n<p><strong>&nbsp;<\/strong>Wesentliche Grundlage f\u00fcr die finanzielle Ausstattung des Vereins ist das Beitragsaufkommen seiner Mitglieder. Der Verein ist daher darauf angewiesen, dass alle Mitglieder ihren Beitragspflichten, welche in der Satzung grunds\u00e4tzlich geregelt sind, in vollem Umfang nachkommen. Nur so kann der Verein seine Aufgaben erf\u00fcllen und seine Leistungen gegen\u00fcber seinen Mitgliedern erf\u00fcllen.<\/td>\n<\/tr>\n<tr>\n<td width=\"658\"><strong>\u00a7 3: Beschlussfassung und Bekanntgabe<\/strong><\/p>\n<p><strong>&nbsp;<\/strong>Gem\u00e4\u00df \u00a7 20 der Satzung obliegt es dem Vorstand des TV 1965 e.V. Rodenbach Vereinsordnungen zu beschlie\u00dfen.<\/p>\n<p>Die vorliegende Beitragsordnung wurde in der Vorstandssitzung vom 21.02.2022 beschlossen und auf der Homepage des Vereins bekannt gegeben.<\/td>\n<\/tr>\n<tr>\n<td width=\"658\"><strong>\u00a7 4: Mitgliedsbeitr\u00e4ge<\/strong><\/p>\n<p>Die Mitgliedsbeitr\u00e4ge des TV 1965 e.V. Rodenbach gliedern sich wie folgt:<\/p>\n<p>&#8211;&nbsp;&nbsp;&nbsp;&nbsp;&nbsp;&nbsp; Kinder und Jugendliche bis zum 18. Lebensjahr:&nbsp;&nbsp;&nbsp;&nbsp;&nbsp;&nbsp;&nbsp;&nbsp;&nbsp;&nbsp;&nbsp;&nbsp;&nbsp;&nbsp;&nbsp;&nbsp;&nbsp;&nbsp;&nbsp;&nbsp;&nbsp;&nbsp;&nbsp;&nbsp;&nbsp;&nbsp;&nbsp;&nbsp;&nbsp; &nbsp; 5,00 \u20ac \/ Monat<\/p>\n<p>&#8211;&nbsp;&nbsp;&nbsp;&nbsp;&nbsp;&nbsp; Sch\u00fcler, Studenten und Behinderte auf Nachweis&nbsp;&nbsp;&nbsp;&nbsp;&nbsp;&nbsp;&nbsp;&nbsp;&nbsp;&nbsp;&nbsp;&nbsp;&nbsp;&nbsp;&nbsp;&nbsp;&nbsp;&nbsp;&nbsp;&nbsp;&nbsp;&nbsp;&nbsp;&nbsp;&nbsp;&nbsp;&nbsp; &nbsp; 5,00 \u20ac \/ Monat<\/p>\n<p>&#8211;&nbsp;&nbsp;&nbsp;&nbsp;&nbsp;&nbsp; Erwachsene ab dem 18. Lebensjahr&nbsp; &nbsp; &nbsp; &nbsp; &nbsp; &nbsp; &nbsp; &nbsp; &nbsp; &nbsp; &nbsp; &nbsp; &nbsp; &nbsp; &nbsp; &nbsp; &nbsp; &nbsp; &nbsp; &nbsp; &nbsp; &nbsp; &nbsp; &nbsp; &nbsp; &nbsp; &nbsp; &nbsp;8,00 \u20ac \/ Monat<\/p>\n<p>&#8211;&nbsp;&nbsp;&nbsp;&nbsp;&nbsp;&nbsp; Familienbeitrag (Kinder bis max. 25. Lebensjahr)&nbsp;&nbsp;&nbsp;&nbsp;&nbsp;&nbsp;&nbsp;&nbsp;&nbsp;&nbsp;&nbsp;&nbsp;&nbsp;&nbsp;&nbsp;&nbsp;&nbsp;&nbsp;&nbsp;&nbsp;&nbsp;&nbsp;&nbsp;&nbsp;&nbsp;&nbsp;&nbsp;&nbsp; 12,00 \u20ac \/ Monat<\/td>\n<\/tr>\n<tr>\n<td width=\"658\"><strong>\u00a7 5: Erg\u00e4nzende Regelungen zu \u00a7 4<\/strong><\/p>\n<ul>\n<li>Alle Mitglieder, welche einen erm\u00e4\u00dfigten Vereinsbeitrag entrichten, sind verpflichtet, bis zum 31.12. des Vorjahres nachzuweisen, dass die Verg\u00fcnstigung weiter besteht! Ohne entsprechenden Nachweis kann der normale Erwachsenenbeitrag eingezogen werden.<\/li>\n<li>Die Familienmitgliedschaft der Kinder wird nach Vollendung des 25. Lebensjahres automatisch in eine Einzelmitgliedschaft umgewandelt!<\/li>\n<li>In sozialen H\u00e4rtef\u00e4llen kann auf Antrag eine \u00c4nderung der Beitragsh\u00f6he gestellt werden. \u00dcber den Antrag entscheidet der Vorstand nach Anh\u00f6rung und Pr\u00fcfung der vorgelegten Nachweise.<\/li>\n<\/ul>\n<\/td>\n<\/tr>\n<tr>\n<td width=\"658\"><strong>&nbsp;\u00a7 6: Erhebung des Vereinsbeitrages<\/strong><\/p>\n<p>Der Vereinsbeitrag wird zu Beginn des Gesch\u00e4ftsjahres f\u00e4llig. Die Zahlung erfolgt j\u00e4hrlich im Voraus und grunds\u00e4tzlich im Bankeinzugsverfahren. Jedes Mitglied erm\u00e4chtigt den Verein hierzu mit seiner Unterschrift im Aufnahmeantrag.<\/p>\n<p>Bei Vereinseintritt ab dem betreffenden Monat f\u00fcr den Rest des Gesch\u00e4ftsjahres.<\/p>\n<p>Bei unterj\u00e4hriger K\u00fcndigung erfolgt keine R\u00fcckverg\u00fctung des bereits geleisteten Vereinsbeitrages.<\/p>\n<p>Die Mitglieder sind verpflichtet, \u00c4nderungen der Anschriften- und Kontoverbindungen umgehend schriftlich (auch E-Mail) der Gesch\u00e4ftsstelle mitzuteilen.<\/p>\n<p>Werden die \u00c4nderungen nicht mitgeteilt, k\u00f6nnen dem Verein hieraus keine Nachteile entstehen.<\/td>\n<\/tr>\n<tr>\n<td width=\"658\"><strong>\u00a7 7: Sonderbeitr\u00e4ge<\/strong><\/p>\n<p>Der Vorstand kann in einzelnen Abteilungen Sonderbeitr\u00e4ge erheben oder Zusatzkosten aufgrund besonderer Aktionen oder aber Mehrkosten, welche aus dem Sportbetrieb heraus entstehen, auf die betreffenden Mitglieder umlegen.<\/p>\n<p>Solche Sonderbeitr\u00e4ge sind immer im Einzelfall zu begr\u00fcnden und mit den Betroffenen Mitgliedern abzusprechen.<\/p>\n<p>Beschl\u00fcsse hier\u00fcber fasst der Hauptausschuss.<\/td>\n<\/tr>\n<tr>\n<td><strong>\u00c4nderungen<\/strong><\/p>\n<p>\u00a7 6, Erhebung des Vereinsbeitrages:<br \/>\nDie Erhebung des Vereinsbeitrages erfolgt monatsgenau ab Vereinseintritt.&nbsp;<br \/>\nKeine Beitragsr\u00fcckerstattung bei unterj\u00e4hriger K\u00fcndigung.<br \/>\nDiese \u00c4nderung wurde in der Vorstandssitzung vom 18.03.2025 beschlossen und tritt unmittelbar in Kraft.<\/td>\n<\/tr>\n<\/tbody>\n<\/table>\n","protected":false},"excerpt":{"rendered":"<p>Download der Beitragsordnung \u00a7 1: Grundlage &nbsp;Grundlage f\u00fcr die Regelungen in dieser Beitragsordnung ist der \u00a7 7 der Satzung des TV 1965 e.V. Rodenbach in der Fassung vom 17.09.2021. \u00a7 2: Solidarit\u00e4tsprinzip &nbsp;Wesentliche Grundlage f\u00fcr die finanzielle Ausstattung des Vereins<span class=\"ellipsis\">&hellip;<\/span><\/p>\n<div class=\"read-more\"><a href=\"http:\/\/www.tv-rodenbach.de\/?page_id=6685\">Weiterlesen <span class=\"screen-reader-text\">Beitragsordnung<\/span><span class=\"meta-nav\"> &#8250;<\/span><\/a><\/div>\n<p><!-- end of .read-more --><\/p>\n","protected":false},"author":1,"featured_media":0,"parent":0,"menu_order":0,"comment_status":"closed","ping_status":"closed","template":"","meta":{"ngg_post_thumbnail":0,"footnotes":""},"class_list":["post-6685","page","type-page","status-publish","hentry"],"_links":{"self":[{"href":"http:\/\/www.tv-rodenbach.de\/index.php?rest_route=\/wp\/v2\/pages\/6685","targetHints":{"allow":["GET"]}}],"collection":[{"href":"http:\/\/www.tv-rodenbach.de\/index.php?rest_route=\/wp\/v2\/pages"}],"about":[{"href":"http:\/\/www.tv-rodenbach.de\/index.php?rest_route=\/wp\/v2\/types\/page"}],"author":[{"embeddable":true,"href":"http:\/\/www.tv-rodenbach.de\/index.php?rest_route=\/wp\/v2\/users\/1"}],"replies":[{"embeddable":true,"href":"http:\/\/www.tv-rodenbach.de\/index.php?rest_route=%2Fwp%2Fv2%2Fcomments&post=6685"}],"version-history":[{"count":6,"href":"http:\/\/www.tv-rodenbach.de\/index.php?rest_route=\/wp\/v2\/pages\/6685\/revisions"}],"predecessor-version":[{"id":9611,"href":"http:\/\/www.tv-rodenbach.de\/index.php?rest_route=\/wp\/v2\/pages\/6685\/revisions\/9611"}],"wp:attachment":[{"href":"http:\/\/www.tv-rodenbach.de\/index.php?rest_route=%2Fwp%2Fv2%2Fmedia&parent=6685"}],"curies":[{"name":"wp","href":"https:\/\/api.w.org\/{rel}","templated":true}]}}