{"id":6662,"date":"2022-02-19T16:46:17","date_gmt":"2022-02-19T15:46:17","guid":{"rendered":"http:\/\/www.tv-rodenbach.de\/?page_id=6662"},"modified":"2025-03-15T11:34:32","modified_gmt":"2025-03-15T10:34:32","slug":"ballspiele-und-bewegung","status":"publish","type":"page","link":"http:\/\/www.tv-rodenbach.de\/?page_id=6662","title":{"rendered":"Ballschule f\u00fcr Kids"},"content":{"rendered":"<h4>\u00dcbungsleiter<\/h4>\n<p>Katja Zimmermann-Zott<\/p>\n<p>J\u00f6rg Zimmermann&nbsp;<\/p>\n<h4>Die aktuellen Trainingszeiten findet ihr in unserem Sportplan<\/h4>\n<p>F\u00fcr Kids ab 6 Jahren<\/p>\n<p>&nbsp;<\/p>\n","protected":false},"excerpt":{"rendered":"<p>\u00dcbungsleiter Katja Zimmermann-Zott J\u00f6rg Zimmermann&nbsp; Die aktuellen Trainingszeiten findet ihr in unserem Sportplan F\u00fcr Kids ab 6 Jahren &nbsp;<\/p>\n","protected":false},"author":1,"featured_media":0,"parent":0,"menu_order":0,"comment_status":"closed","ping_status":"closed","template":"","meta":{"ngg_post_thumbnail":0,"footnotes":""},"class_list":["post-6662","page","type-page","status-publish","hentry"],"_links":{"self":[{"href":"http:\/\/www.tv-rodenbach.de\/index.php?rest_route=\/wp\/v2\/pages\/6662","targetHints":{"allow":["GET"]}}],"collection":[{"href":"http:\/\/www.tv-rodenbach.de\/index.php?rest_route=\/wp\/v2\/pages"}],"about":[{"href":"http:\/\/www.tv-rodenbach.de\/index.php?rest_route=\/wp\/v2\/types\/page"}],"author":[{"embeddable":true,"href":"http:\/\/www.tv-rodenbach.de\/index.php?rest_route=\/wp\/v2\/users\/1"}],"replies":[{"embeddable":true,"href":"http:\/\/www.tv-rodenbach.de\/index.php?rest_route=%2Fwp%2Fv2%2Fcomments&post=6662"}],"version-history":[{"count":3,"href":"http:\/\/www.tv-rodenbach.de\/index.php?rest_route=\/wp\/v2\/pages\/6662\/revisions"}],"predecessor-version":[{"id":9356,"href":"http:\/\/www.tv-rodenbach.de\/index.php?rest_route=\/wp\/v2\/pages\/6662\/revisions\/9356"}],"wp:attachment":[{"href":"http:\/\/www.tv-rodenbach.de\/index.php?rest_route=%2Fwp%2Fv2%2Fmedia&parent=6662"}],"curies":[{"name":"wp","href":"https:\/\/api.w.org\/{rel}","templated":true}]}}