{"id":337,"date":"2016-05-19T10:48:40","date_gmt":"2016-05-19T08:48:40","guid":{"rendered":"http:\/\/www.tv-rodenbach.de\/?page_id=337"},"modified":"2026-03-15T10:37:50","modified_gmt":"2026-03-15T09:37:50","slug":"judo","status":"publish","type":"page","link":"http:\/\/www.tv-rodenbach.de\/?page_id=337","title":{"rendered":"Judo"},"content":{"rendered":"<h4>\u00dcbungsleiter<\/h4>\n<p>Norbert Machunze<\/p>\n<p>Alexandra&nbsp; Nussbaum<\/p>\n<h4>Die aktuellen Trainingszeiten findet ihr in unserem Sportplan<\/h4>\n<hr>\n<p><b>Judo <\/b>ist eine japanische Kampfsportart, deren Prinzip \u201eSiegen durch Nachgeben\u201c beziehungsweise \u201emaximale Wirkung bei einem Minimum an Aufwand\u201c ist.<\/p>\n<p>Judo wird in Deutschland in einzelnen Vereinen bereits f\u00fcr Kinder ab drei Jahren angeboten. Der spielerische \u00dcbergang zu judospezifischen Formen ist dabei flie\u00dfend. Wegen seines Facettenreichtums kann Judo bis ins hohe Alter aktiv praktiziert werden; so sind selbst Judoka mit \u00fcber achtzig Jahren keine Seltenheit.<\/p>\n<p>Die traditionellen S\u00e4ulen des Judo sind der Formenlauf&nbsp; und der \u00dcbungskampf&nbsp; beziehungsweise der Wettkampf. Das heutige Judo ist von den Wettkampftechniken der letzten Jahre dominiert und wird entsprechend vom Techniktraining gepr\u00e4gt.<\/p>\n<p>Judo ist nicht nur ein Weg zur Leibesert\u00fcchtigung, sondern dar\u00fcber hinaus auch eine Philosophie zur Pers\u00f6nlichkeitsentwicklung.<\/p>\n<p>&nbsp;<\/p>\n<hr>\n<p>&nbsp;<\/p>\n","protected":false},"excerpt":{"rendered":"<p>\u00dcbungsleiter Norbert Machunze Alexandra&nbsp; Nussbaum Die aktuellen Trainingszeiten findet ihr in unserem Sportplan Judo ist eine japanische Kampfsportart, deren Prinzip \u201eSiegen durch Nachgeben\u201c beziehungsweise \u201emaximale Wirkung bei einem Minimum an Aufwand\u201c ist. Judo wird in Deutschland in einzelnen Vereinen bereits<span class=\"ellipsis\">&hellip;<\/span><\/p>\n<div class=\"read-more\"><a href=\"http:\/\/www.tv-rodenbach.de\/?page_id=337\">Weiterlesen <span class=\"screen-reader-text\">Judo<\/span><span class=\"meta-nav\"> &#8250;<\/span><\/a><\/div>\n<p><!-- end of .read-more --><\/p>\n","protected":false},"author":1,"featured_media":0,"parent":0,"menu_order":0,"comment_status":"closed","ping_status":"closed","template":"","meta":{"ngg_post_thumbnail":0,"footnotes":""},"class_list":["post-337","page","type-page","status-publish","hentry"],"_links":{"self":[{"href":"http:\/\/www.tv-rodenbach.de\/index.php?rest_route=\/wp\/v2\/pages\/337","targetHints":{"allow":["GET"]}}],"collection":[{"href":"http:\/\/www.tv-rodenbach.de\/index.php?rest_route=\/wp\/v2\/pages"}],"about":[{"href":"http:\/\/www.tv-rodenbach.de\/index.php?rest_route=\/wp\/v2\/types\/page"}],"author":[{"embeddable":true,"href":"http:\/\/www.tv-rodenbach.de\/index.php?rest_route=\/wp\/v2\/users\/1"}],"replies":[{"embeddable":true,"href":"http:\/\/www.tv-rodenbach.de\/index.php?rest_route=%2Fwp%2Fv2%2Fcomments&post=337"}],"version-history":[{"count":27,"href":"http:\/\/www.tv-rodenbach.de\/index.php?rest_route=\/wp\/v2\/pages\/337\/revisions"}],"predecessor-version":[{"id":9969,"href":"http:\/\/www.tv-rodenbach.de\/index.php?rest_route=\/wp\/v2\/pages\/337\/revisions\/9969"}],"wp:attachment":[{"href":"http:\/\/www.tv-rodenbach.de\/index.php?rest_route=%2Fwp%2Fv2%2Fmedia&parent=337"}],"curies":[{"name":"wp","href":"https:\/\/api.w.org\/{rel}","templated":true}]}}