{"id":334,"date":"2016-05-19T10:47:05","date_gmt":"2016-05-19T08:47:05","guid":{"rendered":"http:\/\/www.tv-rodenbach.de\/?page_id=334"},"modified":"2026-03-15T10:37:41","modified_gmt":"2026-03-15T09:37:41","slug":"indoor-cycling","status":"publish","type":"page","link":"http:\/\/www.tv-rodenbach.de\/?page_id=334","title":{"rendered":"Indoor Cycling"},"content":{"rendered":"<h4>\u00dcbungsleiter<\/h4>\n<p>Trixi Wegert<\/p>\n<p>Harry Scherr<\/p>\n<p>Frank Hadbawnik&nbsp;<\/p>\n<h4>Die aktuellen Trainingszeiten findet ihr in unserem Sportplan<\/h4>\n<hr>\n<p style=\"text-align: justify;\">Indoor Cycling macht fit, gl\u00fccklich, schnell\u2026..und ganz viel SPASS! Es ist das beliebteste Gruppentraining auf speziellen Indoor-R\u00e4dern mit hei\u00dfer Musik.<br \/>\nIndoor Cycling begeistert, motiviert, rei\u00dft mit\u2026.bestimmt auch DICH!<br \/>\nDas Zusammenspiel aus Ausdauer, Kraft, Technik, Schnelligkeit, Beweglichkeit und mentalen Aspekten macht Indoor Cycling so beliebt.<br \/>\nBeim Indoor Cycling kann sich jeder in seinem Leistungslevel bewegen, so k\u00f6nnen Anf\u00e4nger, Fortgeschrittene und Profis gut zusammen in einer Gruppe trainieren und auch Paare k\u00f6nnen hier gemeinsam Sport treiben.<\/p>\n<p style=\"text-align: justify;\">Cycling ist leicht zu erlernen und f\u00fcr JEDEN &amp; JEDES Alter geeignet.<\/p>\n","protected":false},"excerpt":{"rendered":"<p>\u00dcbungsleiter Trixi Wegert Harry Scherr Frank Hadbawnik&nbsp; Die aktuellen Trainingszeiten findet ihr in unserem Sportplan Indoor Cycling macht fit, gl\u00fccklich, schnell\u2026..und ganz viel SPASS! Es ist das beliebteste Gruppentraining auf speziellen Indoor-R\u00e4dern mit hei\u00dfer Musik. Indoor Cycling begeistert, motiviert, rei\u00dft<span class=\"ellipsis\">&hellip;<\/span><\/p>\n<div class=\"read-more\"><a href=\"http:\/\/www.tv-rodenbach.de\/?page_id=334\">Weiterlesen <span class=\"screen-reader-text\">Indoor Cycling<\/span><span class=\"meta-nav\"> &#8250;<\/span><\/a><\/div>\n<p><!-- end of .read-more --><\/p>\n","protected":false},"author":1,"featured_media":0,"parent":0,"menu_order":0,"comment_status":"closed","ping_status":"closed","template":"","meta":{"ngg_post_thumbnail":0,"footnotes":""},"class_list":["post-334","page","type-page","status-publish","hentry"],"_links":{"self":[{"href":"http:\/\/www.tv-rodenbach.de\/index.php?rest_route=\/wp\/v2\/pages\/334","targetHints":{"allow":["GET"]}}],"collection":[{"href":"http:\/\/www.tv-rodenbach.de\/index.php?rest_route=\/wp\/v2\/pages"}],"about":[{"href":"http:\/\/www.tv-rodenbach.de\/index.php?rest_route=\/wp\/v2\/types\/page"}],"author":[{"embeddable":true,"href":"http:\/\/www.tv-rodenbach.de\/index.php?rest_route=\/wp\/v2\/users\/1"}],"replies":[{"embeddable":true,"href":"http:\/\/www.tv-rodenbach.de\/index.php?rest_route=%2Fwp%2Fv2%2Fcomments&post=334"}],"version-history":[{"count":37,"href":"http:\/\/www.tv-rodenbach.de\/index.php?rest_route=\/wp\/v2\/pages\/334\/revisions"}],"predecessor-version":[{"id":9968,"href":"http:\/\/www.tv-rodenbach.de\/index.php?rest_route=\/wp\/v2\/pages\/334\/revisions\/9968"}],"wp:attachment":[{"href":"http:\/\/www.tv-rodenbach.de\/index.php?rest_route=%2Fwp%2Fv2%2Fmedia&parent=334"}],"curies":[{"name":"wp","href":"https:\/\/api.w.org\/{rel}","templated":true}]}}