{"id":309,"date":"2016-05-19T10:24:54","date_gmt":"2016-05-19T08:24:54","guid":{"rendered":"http:\/\/www.tv-rodenbach.de\/?page_id=309"},"modified":"2026-03-15T10:38:00","modified_gmt":"2026-03-15T09:38:00","slug":"rope-skipping","status":"publish","type":"page","link":"http:\/\/www.tv-rodenbach.de\/?page_id=309","title":{"rendered":"Kids-Fit"},"content":{"rendered":"<h4>\u00dcbungsleiterin<\/h4>\n<p>Eric Thim<\/p>\n<p>Valentina Jung<\/p>\n<h4>Die aktuellen Trainingszeiten findet ihr in unserem Sportplan<\/h4>\n<p>Kinder zwischen 6 und 12 Jahre<\/p>\n<hr>\n<p><span style=\"color: #000000;\">Das Kurskonzept Kids-Fit ist geeignet f\u00fcr Kinder von 6 &#8211; 12 Jahren und orientiert sich an dem nat\u00fcrlichen Bewegungsdrang von Kindern &#8211; balancieren, klettern, fangen, werfen, laufen, springen. Ohne Lust auf Bewegung k\u00f6nnen sie sich kaum zu einem selbstst\u00e4ndigen, selbstbewussten und gesunden Erwachsenen entwickeln. Der K\u00f6rper braucht Bewegung, um Knochen zu bilden, die Muskulatur und Organe aufzubauen und den Stoffwechsel zu trainieren. Au\u00dferdem hebt Bewegung die Laune, baut Stress ab und reduziert Angstgef\u00fchle. Alle Bewegungen sind so ausgew\u00e4hlt, dass die Kinder davon im Alltag profitieren k\u00f6nnen. Sie erlangen entsprechend der allt\u00e4glichen Anforderungen Koordination, Stabilit\u00e4t, Beweglichkeit, Kraft und Ausdauer, nat\u00fcrlich gesundheitsorientiert.<\/span><\/p>\n","protected":false},"excerpt":{"rendered":"<p>\u00dcbungsleiterin Eric Thim Valentina Jung Die aktuellen Trainingszeiten findet ihr in unserem Sportplan Kinder zwischen 6 und 12 Jahre Das Kurskonzept Kids-Fit ist geeignet f\u00fcr Kinder von 6 &#8211; 12 Jahren und orientiert sich an dem nat\u00fcrlichen Bewegungsdrang von Kindern<span class=\"ellipsis\">&hellip;<\/span><\/p>\n<div class=\"read-more\"><a href=\"http:\/\/www.tv-rodenbach.de\/?page_id=309\">Weiterlesen <span class=\"screen-reader-text\">Kids-Fit<\/span><span class=\"meta-nav\"> &#8250;<\/span><\/a><\/div>\n<p><!-- end of .read-more --><\/p>\n","protected":false},"author":1,"featured_media":0,"parent":0,"menu_order":0,"comment_status":"closed","ping_status":"closed","template":"","meta":{"ngg_post_thumbnail":0,"footnotes":""},"class_list":["post-309","page","type-page","status-publish","hentry"],"_links":{"self":[{"href":"http:\/\/www.tv-rodenbach.de\/index.php?rest_route=\/wp\/v2\/pages\/309","targetHints":{"allow":["GET"]}}],"collection":[{"href":"http:\/\/www.tv-rodenbach.de\/index.php?rest_route=\/wp\/v2\/pages"}],"about":[{"href":"http:\/\/www.tv-rodenbach.de\/index.php?rest_route=\/wp\/v2\/types\/page"}],"author":[{"embeddable":true,"href":"http:\/\/www.tv-rodenbach.de\/index.php?rest_route=\/wp\/v2\/users\/1"}],"replies":[{"embeddable":true,"href":"http:\/\/www.tv-rodenbach.de\/index.php?rest_route=%2Fwp%2Fv2%2Fcomments&post=309"}],"version-history":[{"count":27,"href":"http:\/\/www.tv-rodenbach.de\/index.php?rest_route=\/wp\/v2\/pages\/309\/revisions"}],"predecessor-version":[{"id":9970,"href":"http:\/\/www.tv-rodenbach.de\/index.php?rest_route=\/wp\/v2\/pages\/309\/revisions\/9970"}],"wp:attachment":[{"href":"http:\/\/www.tv-rodenbach.de\/index.php?rest_route=%2Fwp%2Fv2%2Fmedia&parent=309"}],"curies":[{"name":"wp","href":"https:\/\/api.w.org\/{rel}","templated":true}]}}