{"id":29,"date":"2016-05-03T15:17:15","date_gmt":"2016-05-03T13:17:15","guid":{"rendered":"http:\/\/www.tv-rodenbach.de\/?page_id=29"},"modified":"2024-06-22T15:48:06","modified_gmt":"2024-06-22T13:48:06","slug":"kontakt","status":"publish","type":"page","link":"http:\/\/www.tv-rodenbach.de\/?page_id=29","title":{"rendered":"Kontakt"},"content":{"rendered":"<h4>TV 1965 e.V. Rodenbach<\/h4>\n<p>Turnerstra\u00dfe 5<br \/>\n67688 Rodenbach<\/p>\n<p>Telefon: 06374 &#8211; 993351<br \/>\nE-Mail: info@tv-rodenbach.de<\/p>\n<p>\u00d6ffnungszeiten Gesch\u00e4ftszimmer:<br \/>\nMittwoch, 17.00 &#8211; 19.00 Uhr<\/p>\n","protected":false},"excerpt":{"rendered":"<p>TV 1965 e.V. Rodenbach Turnerstra\u00dfe 5 67688 Rodenbach Telefon: 06374 &#8211; 993351 E-Mail: info@tv-rodenbach.de \u00d6ffnungszeiten Gesch\u00e4ftszimmer: Mittwoch, 17.00 &#8211; 19.00 Uhr<\/p>\n","protected":false},"author":1,"featured_media":0,"parent":0,"menu_order":0,"comment_status":"closed","ping_status":"closed","template":"","meta":{"ngg_post_thumbnail":0,"footnotes":""},"class_list":["post-29","page","type-page","status-publish","hentry"],"_links":{"self":[{"href":"http:\/\/www.tv-rodenbach.de\/index.php?rest_route=\/wp\/v2\/pages\/29","targetHints":{"allow":["GET"]}}],"collection":[{"href":"http:\/\/www.tv-rodenbach.de\/index.php?rest_route=\/wp\/v2\/pages"}],"about":[{"href":"http:\/\/www.tv-rodenbach.de\/index.php?rest_route=\/wp\/v2\/types\/page"}],"author":[{"embeddable":true,"href":"http:\/\/www.tv-rodenbach.de\/index.php?rest_route=\/wp\/v2\/users\/1"}],"replies":[{"embeddable":true,"href":"http:\/\/www.tv-rodenbach.de\/index.php?rest_route=%2Fwp%2Fv2%2Fcomments&post=29"}],"version-history":[{"count":6,"href":"http:\/\/www.tv-rodenbach.de\/index.php?rest_route=\/wp\/v2\/pages\/29\/revisions"}],"predecessor-version":[{"id":8991,"href":"http:\/\/www.tv-rodenbach.de\/index.php?rest_route=\/wp\/v2\/pages\/29\/revisions\/8991"}],"wp:attachment":[{"href":"http:\/\/www.tv-rodenbach.de\/index.php?rest_route=%2Fwp%2Fv2%2Fmedia&parent=29"}],"curies":[{"name":"wp","href":"https:\/\/api.w.org\/{rel}","templated":true}]}}