{"id":20,"date":"2016-05-03T14:51:22","date_gmt":"2016-05-03T12:51:22","guid":{"rendered":"http:\/\/www.tv-rodenbach.de\/?page_id=20"},"modified":"2024-06-23T13:55:59","modified_gmt":"2024-06-23T11:55:59","slug":"impressum","status":"publish","type":"page","link":"http:\/\/www.tv-rodenbach.de\/?page_id=20","title":{"rendered":"Impressum"},"content":{"rendered":"<p>Turnverein 1965 e.V. Rodenbach<br \/>\nTurnerstra\u00dfe 5<br \/>\n67688 Rodenbach<br \/>\nDeutschland<\/p>\n<p>&nbsp;<\/p>\n<h4 id=\"m56\"><strong>Kontaktm\u00f6glichkeiten<\/strong><\/h4>\n<p>E-Mail-Adresse: info@tv-rodenbach.de<br \/>\nTelefon: 06374 \/ 993351<\/p>\n<p>&nbsp;<\/p>\n<h4 id=\"m153\"><strong>Vertretungsberechtigte Personen<\/strong><\/h4>\n<p>Klaus Hienerwadel (1. Vorsitzender)<br \/>\nPeter Lind (stellvertretender Vorsitzender)<br \/>\nNorbert Pr\u00f6bst (Kassenreferent)<\/p>\n<p>&nbsp;<\/p>\n<h4 id=\"m154\"><strong>Journalistisch-redaktionelle Angebote<\/strong><\/h4>\n<p>Inhaltlich verantwortlich: Julia R\u00fcdiger (Adresse wie oben)<\/p>\n<p>&nbsp;<\/p>\n<h4 id=\"m151\"><strong>Register und Registernummer<\/strong><\/h4>\n<p>Vereinsregister<br \/>\nGef\u00fchrt bei: Amtsgericht Kaiserslautern<br \/>\nNummer: VR 1264<\/p>\n<p>&nbsp;<\/p>\n<h4 id=\"m65\"><strong>Haftungs- und Schutzrechtshinweise<\/strong><\/h4>\n<p>Haftungsausschluss: Die Inhalte dieses Onlineangebotes wurden sorgf\u00e4ltig und nach unserem aktuellen Kenntnisstand erstellt, dienen jedoch nur der Information und entfalten keine rechtlich bindende Wirkung, sofern es sich nicht um gesetzlich verpflichtende Informationen (z.&nbsp;B. das Impressum, die Datenschutzerkl\u00e4rung, AGB oder verpflichtende Belehrungen von Verbrauchern) handelt. Wir behalten uns vor, die Inhalte vollst\u00e4ndig oder teilweise zu \u00e4ndern oder zu l\u00f6schen, soweit vertragliche Verpflichtungen unber\u00fchrt bleiben. Alle Angebote sind freibleibend und unverbindlich.<\/p>\n<p>Links auf fremde Webseiten: Die Inhalte fremder Webseiten, auf die wir direkt oder indirekt verweisen, liegen au\u00dferhalb unseres Verantwortungsbereiches und wir machen sie uns nicht zu Eigen. F\u00fcr alle Inhalte und Nachteile, die aus der Nutzung der in den verlinkten Webseiten aufrufbaren Informationen entstehen, \u00fcbernehmen wir keine Verantwortung.<\/p>\n<p>Urheberrechte und Markenrechte: Alle auf dieser Website dargestellten Inhalte, wie Texte, Fotografien, Grafiken, Marken und Warenzeichen sind durch die jeweiligen Schutzrechte (Urheberrechte, Markenrechte) gesch\u00fctzt. Die Verwendung, Vervielf\u00e4ltigung usw. unterliegen unseren Rechten oder den Rechten der jeweiligen Urheber bzw. Rechteinhaber.<\/p>\n<p>Hinweise auf Rechtsverst\u00f6\u00dfe: Sollten Sie innerhalb unseres Internetauftritts Rechtsverst\u00f6\u00dfe bemerken, bitten wir Sie uns auf diese hinzuweisen. Wir werden rechtswidrige Inhalte und Links nach Kenntnisnahme unverz\u00fcglich entfernen.<\/p>\n<p>&nbsp;<\/p>\n","protected":false},"excerpt":{"rendered":"<p>Turnverein 1965 e.V. Rodenbach Turnerstra\u00dfe 5 67688 Rodenbach Deutschland &nbsp; Kontaktm\u00f6glichkeiten E-Mail-Adresse: info@tv-rodenbach.de Telefon: 06374 \/ 993351 &nbsp; Vertretungsberechtigte Personen Klaus Hienerwadel (1. Vorsitzender) Peter Lind (stellvertretender Vorsitzender) Norbert Pr\u00f6bst (Kassenreferent) &nbsp; Journalistisch-redaktionelle Angebote Inhaltlich verantwortlich: Julia R\u00fcdiger (Adresse wie<span class=\"ellipsis\">&hellip;<\/span><\/p>\n<div class=\"read-more\"><a href=\"http:\/\/www.tv-rodenbach.de\/?page_id=20\">Weiterlesen <span class=\"screen-reader-text\">Impressum<\/span><span class=\"meta-nav\"> &#8250;<\/span><\/a><\/div>\n<p><!-- end of .read-more --><\/p>\n","protected":false},"author":1,"featured_media":0,"parent":0,"menu_order":0,"comment_status":"closed","ping_status":"closed","template":"","meta":{"ngg_post_thumbnail":0,"footnotes":""},"class_list":["post-20","page","type-page","status-publish","hentry"],"_links":{"self":[{"href":"http:\/\/www.tv-rodenbach.de\/index.php?rest_route=\/wp\/v2\/pages\/20","targetHints":{"allow":["GET"]}}],"collection":[{"href":"http:\/\/www.tv-rodenbach.de\/index.php?rest_route=\/wp\/v2\/pages"}],"about":[{"href":"http:\/\/www.tv-rodenbach.de\/index.php?rest_route=\/wp\/v2\/types\/page"}],"author":[{"embeddable":true,"href":"http:\/\/www.tv-rodenbach.de\/index.php?rest_route=\/wp\/v2\/users\/1"}],"replies":[{"embeddable":true,"href":"http:\/\/www.tv-rodenbach.de\/index.php?rest_route=%2Fwp%2Fv2%2Fcomments&post=20"}],"version-history":[{"count":16,"href":"http:\/\/www.tv-rodenbach.de\/index.php?rest_route=\/wp\/v2\/pages\/20\/revisions"}],"predecessor-version":[{"id":8994,"href":"http:\/\/www.tv-rodenbach.de\/index.php?rest_route=\/wp\/v2\/pages\/20\/revisions\/8994"}],"wp:attachment":[{"href":"http:\/\/www.tv-rodenbach.de\/index.php?rest_route=%2Fwp%2Fv2%2Fmedia&parent=20"}],"curies":[{"name":"wp","href":"https:\/\/api.w.org\/{rel}","templated":true}]}}